{"id":98,"date":"2025-11-27T11:02:48","date_gmt":"2025-11-27T11:02:48","guid":{"rendered":"https:\/\/devousanous2026.fr\/?page_id=98"},"modified":"2026-03-23T14:03:20","modified_gmt":"2026-03-23T14:03:20","slug":"accueil","status":"publish","type":"page","link":"https:\/\/devousanous2026.fr\/","title":{"rendered":"Accueil"},"content":{"rendered":"\t\t<div data-elementor-type=\"wp-page\" data-elementor-id=\"98\" class=\"elementor elementor-98\">\n\t\t\t\t<div class=\"elementor-element elementor-element-b1f425f e-flex e-con-boxed e-con e-parent\" data-id=\"b1f425f\" data-element_type=\"container\" data-e-type=\"container\">\n\t\t\t\t\t<div class=\"e-con-inner\">\n\t\t\t\t<div class=\"elementor-element elementor-element-b56e62f elementor-widget elementor-widget-heading\" data-id=\"b56e62f\" data-element_type=\"widget\" data-e-type=\"widget\" data-widget_type=\"heading.default\">\n\t\t\t\t\t<h2 class=\"elementor-heading-title elementor-size-default\">Planning des rendez-vous et des r\u00e9unions publiques !<\/h2>\t\t\t\t<\/div>\n\t\t\t\t<div class=\"elementor-element elementor-element-9e137d2 elementor-widget elementor-widget-image\" data-id=\"9e137d2\" data-element_type=\"widget\" data-e-type=\"widget\" data-widget_type=\"image.default\">\n\t\t\t\t\t\t\t\t\t\t\t\t\t\t\t<img fetchpriority=\"high\" decoding=\"async\" width=\"800\" height=\"600\" src=\"https:\/\/devousanous2026.fr\/wp-content\/uploads\/2026\/03\/Merci-1024x768.png\" class=\"attachment-large size-large wp-image-1930\" alt=\"\" srcset=\"https:\/\/devousanous2026.fr\/wp-content\/uploads\/2026\/03\/Merci-1024x768.png 1024w, https:\/\/devousanous2026.fr\/wp-content\/uploads\/2026\/03\/Merci-300x225.png 300w, https:\/\/devousanous2026.fr\/wp-content\/uploads\/2026\/03\/Merci-768x576.png 768w, https:\/\/devousanous2026.fr\/wp-content\/uploads\/2026\/03\/Merci-1536x1152.png 1536w, https:\/\/devousanous2026.fr\/wp-content\/uploads\/2026\/03\/Merci-2048x1536.png 2048w\" sizes=\"(max-width: 800px) 100vw, 800px\" \/>\t\t\t\t\t\t\t\t\t\t\t\t\t\t\t<\/div>\n\t\t\t\t<div class=\"elementor-element elementor-element-b035807 elementor-widget elementor-widget-image\" data-id=\"b035807\" data-element_type=\"widget\" data-e-type=\"widget\" data-widget_type=\"image.default\">\n\t\t\t\t\t\t\t\t\t\t\t\t\t\t\t<img decoding=\"async\" width=\"800\" height=\"671\" src=\"https:\/\/devousanous2026.fr\/wp-content\/uploads\/2026\/03\/Reunion-Publique-19-mars-2026.jpeg\" class=\"attachment-large size-large wp-image-1913\" alt=\"\" srcset=\"https:\/\/devousanous2026.fr\/wp-content\/uploads\/2026\/03\/Reunion-Publique-19-mars-2026.jpeg 940w, https:\/\/devousanous2026.fr\/wp-content\/uploads\/2026\/03\/Reunion-Publique-19-mars-2026-300x251.jpeg 300w, https:\/\/devousanous2026.fr\/wp-content\/uploads\/2026\/03\/Reunion-Publique-19-mars-2026-768x644.jpeg 768w\" sizes=\"(max-width: 800px) 100vw, 800px\" \/>\t\t\t\t\t\t\t\t\t\t\t\t\t\t\t<\/div>\n\t\t\t\t\t<\/div>\n\t\t\t\t<\/div>\n\t\t<div class=\"elementor-element elementor-element-f6d2a75 e-grid e-con-boxed e-con e-parent\" data-id=\"f6d2a75\" data-element_type=\"container\" data-e-type=\"container\">\n\t\t\t\t\t<div class=\"e-con-inner\">\n\t\t\t\t<div class=\"elementor-element elementor-element-552a813 elementor-widget elementor-widget-image\" data-id=\"552a813\" data-element_type=\"widget\" data-e-type=\"widget\" data-widget_type=\"image.default\">\n\t\t\t\t\t\t\t\t\t\t\t\t\t\t\t<img decoding=\"async\" width=\"800\" height=\"450\" src=\"https:\/\/devousanous2026.fr\/wp-content\/uploads\/2026\/02\/Vendredi-13-mars-2026-1024x576.png\" class=\"attachment-large size-large wp-image-1686\" alt=\"\" srcset=\"https:\/\/devousanous2026.fr\/wp-content\/uploads\/2026\/02\/Vendredi-13-mars-2026-1024x576.png 1024w, https:\/\/devousanous2026.fr\/wp-content\/uploads\/2026\/02\/Vendredi-13-mars-2026-300x169.png 300w, https:\/\/devousanous2026.fr\/wp-content\/uploads\/2026\/02\/Vendredi-13-mars-2026-768x432.png 768w, https:\/\/devousanous2026.fr\/wp-content\/uploads\/2026\/02\/Vendredi-13-mars-2026-1536x864.png 1536w, https:\/\/devousanous2026.fr\/wp-content\/uploads\/2026\/02\/Vendredi-13-mars-2026.png 1920w\" sizes=\"(max-width: 800px) 100vw, 800px\" \/>\t\t\t\t\t\t\t\t\t\t\t\t\t\t\t<\/div>\n\t\t\t\t<div class=\"elementor-element elementor-element-d3e5033 elementor-widget elementor-widget-image\" data-id=\"d3e5033\" data-element_type=\"widget\" data-e-type=\"widget\" data-widget_type=\"image.default\">\n\t\t\t\t\t\t\t\t\t\t\t\t\t\t\t<img loading=\"lazy\" decoding=\"async\" width=\"800\" height=\"450\" src=\"https:\/\/devousanous2026.fr\/wp-content\/uploads\/2026\/02\/Mercredi-11-mars-2026-FB-1024x576.png\" class=\"attachment-large size-large wp-image-1685\" alt=\"\" srcset=\"https:\/\/devousanous2026.fr\/wp-content\/uploads\/2026\/02\/Mercredi-11-mars-2026-FB-1024x576.png 1024w, https:\/\/devousanous2026.fr\/wp-content\/uploads\/2026\/02\/Mercredi-11-mars-2026-FB-300x169.png 300w, https:\/\/devousanous2026.fr\/wp-content\/uploads\/2026\/02\/Mercredi-11-mars-2026-FB-768x432.png 768w, https:\/\/devousanous2026.fr\/wp-content\/uploads\/2026\/02\/Mercredi-11-mars-2026-FB-1536x864.png 1536w, https:\/\/devousanous2026.fr\/wp-content\/uploads\/2026\/02\/Mercredi-11-mars-2026-FB.png 1920w\" sizes=\"(max-width: 800px) 100vw, 800px\" \/>\t\t\t\t\t\t\t\t\t\t\t\t\t\t\t<\/div>\n\t\t\t\t<div class=\"elementor-element elementor-element-e80f9f9 elementor-widget elementor-widget-image\" data-id=\"e80f9f9\" data-element_type=\"widget\" data-e-type=\"widget\" data-widget_type=\"image.default\">\n\t\t\t\t\t\t\t\t\t\t\t\t\t\t\t<img loading=\"lazy\" decoding=\"async\" width=\"800\" height=\"450\" src=\"https:\/\/devousanous2026.fr\/wp-content\/uploads\/2026\/02\/Jeudi-5-mars-2026-1024x576.png\" class=\"attachment-large size-large wp-image-1683\" alt=\"\" srcset=\"https:\/\/devousanous2026.fr\/wp-content\/uploads\/2026\/02\/Jeudi-5-mars-2026-1024x576.png 1024w, https:\/\/devousanous2026.fr\/wp-content\/uploads\/2026\/02\/Jeudi-5-mars-2026-300x169.png 300w, https:\/\/devousanous2026.fr\/wp-content\/uploads\/2026\/02\/Jeudi-5-mars-2026-768x432.png 768w, https:\/\/devousanous2026.fr\/wp-content\/uploads\/2026\/02\/Jeudi-5-mars-2026-1536x864.png 1536w, https:\/\/devousanous2026.fr\/wp-content\/uploads\/2026\/02\/Jeudi-5-mars-2026.png 1920w\" sizes=\"(max-width: 800px) 100vw, 800px\" \/>\t\t\t\t\t\t\t\t\t\t\t\t\t\t\t<\/div>\n\t\t\t\t<div class=\"elementor-element elementor-element-6b8589a elementor-widget elementor-widget-image\" data-id=\"6b8589a\" data-element_type=\"widget\" data-e-type=\"widget\" data-widget_type=\"image.default\">\n\t\t\t\t\t\t\t\t\t\t\t\t\t\t\t<img loading=\"lazy\" decoding=\"async\" width=\"800\" height=\"450\" src=\"https:\/\/devousanous2026.fr\/wp-content\/uploads\/2026\/02\/Mardi-3-mars-2026-1024x576.png\" class=\"attachment-large size-large wp-image-1684\" alt=\"\" srcset=\"https:\/\/devousanous2026.fr\/wp-content\/uploads\/2026\/02\/Mardi-3-mars-2026-1024x576.png 1024w, https:\/\/devousanous2026.fr\/wp-content\/uploads\/2026\/02\/Mardi-3-mars-2026-300x169.png 300w, https:\/\/devousanous2026.fr\/wp-content\/uploads\/2026\/02\/Mardi-3-mars-2026-768x432.png 768w, https:\/\/devousanous2026.fr\/wp-content\/uploads\/2026\/02\/Mardi-3-mars-2026-1536x864.png 1536w, https:\/\/devousanous2026.fr\/wp-content\/uploads\/2026\/02\/Mardi-3-mars-2026.png 1920w\" sizes=\"(max-width: 800px) 100vw, 800px\" \/>\t\t\t\t\t\t\t\t\t\t\t\t\t\t\t<\/div>\n\t\t\t\t\t<\/div>\n\t\t\t\t<\/div>\n\t\t<div class=\"elementor-element elementor-element-3863b3c e-flex e-con-boxed e-con e-parent\" data-id=\"3863b3c\" data-element_type=\"container\" data-e-type=\"container\">\n\t\t\t\t\t<div class=\"e-con-inner\">\n\t\t\t\t<div class=\"elementor-element elementor-element-5ad1fc2 elementor-widget elementor-widget-heading\" data-id=\"5ad1fc2\" data-element_type=\"widget\" data-e-type=\"widget\" data-widget_type=\"heading.default\">\n\t\t\t\t\t<h2 class=\"elementor-heading-title elementor-size-default\">Nous avons \u00e9chang\u00e9 sur<\/h2>\t\t\t\t<\/div>\n\t\t\t\t\t<\/div>\n\t\t\t\t<\/div>\n\t\t<div class=\"elementor-element elementor-element-71b33c0 e-grid e-con-boxed e-con e-parent\" data-id=\"71b33c0\" data-element_type=\"container\" data-e-type=\"container\">\n\t\t\t\t\t<div class=\"e-con-inner\">\n\t\t\t\t<div class=\"elementor-element elementor-element-f8faac2 elementor-widget elementor-widget-image\" data-id=\"f8faac2\" data-element_type=\"widget\" data-e-type=\"widget\" data-widget_type=\"image.default\">\n\t\t\t\t\t\t\t\t\t\t\t\t\t\t\t<img loading=\"lazy\" decoding=\"async\" width=\"800\" height=\"419\" src=\"https:\/\/devousanous2026.fr\/wp-content\/uploads\/2026\/02\/RDV-avec-Vous-parlons-amenagement-pour-les-familles-03_02-1024x536.jpg\" class=\"attachment-large size-large wp-image-1691\" alt=\"\" srcset=\"https:\/\/devousanous2026.fr\/wp-content\/uploads\/2026\/02\/RDV-avec-Vous-parlons-amenagement-pour-les-familles-03_02-1024x536.jpg 1024w, https:\/\/devousanous2026.fr\/wp-content\/uploads\/2026\/02\/RDV-avec-Vous-parlons-amenagement-pour-les-familles-03_02-300x157.jpg 300w, https:\/\/devousanous2026.fr\/wp-content\/uploads\/2026\/02\/RDV-avec-Vous-parlons-amenagement-pour-les-familles-03_02-768x402.jpg 768w, https:\/\/devousanous2026.fr\/wp-content\/uploads\/2026\/02\/RDV-avec-Vous-parlons-amenagement-pour-les-familles-03_02-1536x804.jpg 1536w, https:\/\/devousanous2026.fr\/wp-content\/uploads\/2026\/02\/RDV-avec-Vous-parlons-amenagement-pour-les-familles-03_02.jpg 1920w\" sizes=\"(max-width: 800px) 100vw, 800px\" \/>\t\t\t\t\t\t\t\t\t\t\t\t\t\t\t<\/div>\n\t\t\t\t<div class=\"elementor-element elementor-element-e886de2 elementor-widget elementor-widget-image\" data-id=\"e886de2\" data-element_type=\"widget\" data-e-type=\"widget\" data-widget_type=\"image.default\">\n\t\t\t\t\t\t\t\t\t\t\t\t\t\t\t<img loading=\"lazy\" decoding=\"async\" width=\"800\" height=\"419\" src=\"https:\/\/devousanous2026.fr\/wp-content\/uploads\/2026\/02\/2.-RDV-avec-Vous-parlons-commerce-06_02-1024x536.jpg\" class=\"attachment-large size-large wp-image-1695\" alt=\"\" srcset=\"https:\/\/devousanous2026.fr\/wp-content\/uploads\/2026\/02\/2.-RDV-avec-Vous-parlons-commerce-06_02-1024x536.jpg 1024w, https:\/\/devousanous2026.fr\/wp-content\/uploads\/2026\/02\/2.-RDV-avec-Vous-parlons-commerce-06_02-300x157.jpg 300w, https:\/\/devousanous2026.fr\/wp-content\/uploads\/2026\/02\/2.-RDV-avec-Vous-parlons-commerce-06_02-768x402.jpg 768w, https:\/\/devousanous2026.fr\/wp-content\/uploads\/2026\/02\/2.-RDV-avec-Vous-parlons-commerce-06_02-1536x804.jpg 1536w, https:\/\/devousanous2026.fr\/wp-content\/uploads\/2026\/02\/2.-RDV-avec-Vous-parlons-commerce-06_02.jpg 1920w\" sizes=\"(max-width: 800px) 100vw, 800px\" \/>\t\t\t\t\t\t\t\t\t\t\t\t\t\t\t<\/div>\n\t\t\t\t\t<\/div>\n\t\t\t\t<\/div>\n\t\t<div class=\"elementor-element elementor-element-f73548b e-grid e-con-boxed e-con e-parent\" data-id=\"f73548b\" data-element_type=\"container\" data-e-type=\"container\">\n\t\t\t\t\t<div class=\"e-con-inner\">\n\t\t\t\t<div class=\"elementor-element elementor-element-744fdfa elementor-widget elementor-widget-image\" data-id=\"744fdfa\" data-element_type=\"widget\" data-e-type=\"widget\" data-widget_type=\"image.default\">\n\t\t\t\t\t\t\t\t\t\t\t\t\t\t\t<img loading=\"lazy\" decoding=\"async\" width=\"800\" height=\"419\" src=\"https:\/\/devousanous2026.fr\/wp-content\/uploads\/2026\/02\/3.-RDV-avec-Vous-RTK-parlons-culture-tourisme-loire-10_02-1024x536.jpg\" class=\"attachment-large size-large wp-image-1824\" alt=\"\" srcset=\"https:\/\/devousanous2026.fr\/wp-content\/uploads\/2026\/02\/3.-RDV-avec-Vous-RTK-parlons-culture-tourisme-loire-10_02-1024x536.jpg 1024w, https:\/\/devousanous2026.fr\/wp-content\/uploads\/2026\/02\/3.-RDV-avec-Vous-RTK-parlons-culture-tourisme-loire-10_02-300x157.jpg 300w, https:\/\/devousanous2026.fr\/wp-content\/uploads\/2026\/02\/3.-RDV-avec-Vous-RTK-parlons-culture-tourisme-loire-10_02-768x402.jpg 768w, https:\/\/devousanous2026.fr\/wp-content\/uploads\/2026\/02\/3.-RDV-avec-Vous-RTK-parlons-culture-tourisme-loire-10_02-1536x804.jpg 1536w, https:\/\/devousanous2026.fr\/wp-content\/uploads\/2026\/02\/3.-RDV-avec-Vous-RTK-parlons-culture-tourisme-loire-10_02.jpg 1920w\" sizes=\"(max-width: 800px) 100vw, 800px\" \/>\t\t\t\t\t\t\t\t\t\t\t\t\t\t\t<\/div>\n\t\t\t\t<div class=\"elementor-element elementor-element-5297ed2 elementor-widget elementor-widget-image\" data-id=\"5297ed2\" data-element_type=\"widget\" data-e-type=\"widget\" data-widget_type=\"image.default\">\n\t\t\t\t\t\t\t\t\t\t\t\t\t\t\t<img loading=\"lazy\" decoding=\"async\" width=\"800\" height=\"419\" src=\"https:\/\/devousanous2026.fr\/wp-content\/uploads\/2026\/02\/4.-RDV-avec-Vous-Parlons-asso-et-vie-locale-16_02-1024x536.jpg\" class=\"attachment-large size-large wp-image-1696\" alt=\"\" srcset=\"https:\/\/devousanous2026.fr\/wp-content\/uploads\/2026\/02\/4.-RDV-avec-Vous-Parlons-asso-et-vie-locale-16_02-1024x536.jpg 1024w, https:\/\/devousanous2026.fr\/wp-content\/uploads\/2026\/02\/4.-RDV-avec-Vous-Parlons-asso-et-vie-locale-16_02-300x157.jpg 300w, https:\/\/devousanous2026.fr\/wp-content\/uploads\/2026\/02\/4.-RDV-avec-Vous-Parlons-asso-et-vie-locale-16_02-768x402.jpg 768w, https:\/\/devousanous2026.fr\/wp-content\/uploads\/2026\/02\/4.-RDV-avec-Vous-Parlons-asso-et-vie-locale-16_02-1536x804.jpg 1536w, https:\/\/devousanous2026.fr\/wp-content\/uploads\/2026\/02\/4.-RDV-avec-Vous-Parlons-asso-et-vie-locale-16_02.jpg 1920w\" sizes=\"(max-width: 800px) 100vw, 800px\" \/>\t\t\t\t\t\t\t\t\t\t\t\t\t\t\t<\/div>\n\t\t\t\t\t<\/div>\n\t\t\t\t<\/div>\n\t\t<div class=\"elementor-element elementor-element-3685275 e-grid e-con-boxed e-con e-parent\" data-id=\"3685275\" data-element_type=\"container\" data-e-type=\"container\">\n\t\t\t\t\t<div class=\"e-con-inner\">\n\t\t\t\t<div class=\"elementor-element elementor-element-cda05c9 elementor-widget elementor-widget-image\" data-id=\"cda05c9\" data-element_type=\"widget\" data-e-type=\"widget\" data-widget_type=\"image.default\">\n\t\t\t\t\t\t\t\t\t\t\t\t\t\t\t<img loading=\"lazy\" decoding=\"async\" width=\"800\" height=\"419\" src=\"https:\/\/devousanous2026.fr\/wp-content\/uploads\/2026\/02\/5.-RDV-avec-Vous-parlons-sport-et-sante-18_02-1024x536.jpg\" class=\"attachment-large size-large wp-image-1697\" alt=\"\" srcset=\"https:\/\/devousanous2026.fr\/wp-content\/uploads\/2026\/02\/5.-RDV-avec-Vous-parlons-sport-et-sante-18_02-1024x536.jpg 1024w, https:\/\/devousanous2026.fr\/wp-content\/uploads\/2026\/02\/5.-RDV-avec-Vous-parlons-sport-et-sante-18_02-300x157.jpg 300w, https:\/\/devousanous2026.fr\/wp-content\/uploads\/2026\/02\/5.-RDV-avec-Vous-parlons-sport-et-sante-18_02-768x402.jpg 768w, https:\/\/devousanous2026.fr\/wp-content\/uploads\/2026\/02\/5.-RDV-avec-Vous-parlons-sport-et-sante-18_02-1536x804.jpg 1536w, https:\/\/devousanous2026.fr\/wp-content\/uploads\/2026\/02\/5.-RDV-avec-Vous-parlons-sport-et-sante-18_02.jpg 1920w\" sizes=\"(max-width: 800px) 100vw, 800px\" \/>\t\t\t\t\t\t\t\t\t\t\t\t\t\t\t<\/div>\n\t\t\t\t<div class=\"elementor-element elementor-element-707e895 elementor-widget elementor-widget-image\" data-id=\"707e895\" data-element_type=\"widget\" data-e-type=\"widget\" data-widget_type=\"image.default\">\n\t\t\t\t\t\t\t\t\t\t\t\t\t\t\t<img loading=\"lazy\" decoding=\"async\" width=\"800\" height=\"419\" src=\"https:\/\/devousanous2026.fr\/wp-content\/uploads\/2026\/02\/7.-RDV-avec-Vous-parlons-jeunesse-et-solidarite-24_02-1024x536.jpg\" class=\"attachment-large size-large wp-image-1699\" alt=\"\" srcset=\"https:\/\/devousanous2026.fr\/wp-content\/uploads\/2026\/02\/7.-RDV-avec-Vous-parlons-jeunesse-et-solidarite-24_02-1024x536.jpg 1024w, https:\/\/devousanous2026.fr\/wp-content\/uploads\/2026\/02\/7.-RDV-avec-Vous-parlons-jeunesse-et-solidarite-24_02-300x157.jpg 300w, https:\/\/devousanous2026.fr\/wp-content\/uploads\/2026\/02\/7.-RDV-avec-Vous-parlons-jeunesse-et-solidarite-24_02-768x402.jpg 768w, https:\/\/devousanous2026.fr\/wp-content\/uploads\/2026\/02\/7.-RDV-avec-Vous-parlons-jeunesse-et-solidarite-24_02-1536x804.jpg 1536w, https:\/\/devousanous2026.fr\/wp-content\/uploads\/2026\/02\/7.-RDV-avec-Vous-parlons-jeunesse-et-solidarite-24_02.jpg 1920w\" sizes=\"(max-width: 800px) 100vw, 800px\" \/>\t\t\t\t\t\t\t\t\t\t\t\t\t\t\t<\/div>\n\t\t\t\t\t<\/div>\n\t\t\t\t<\/div>\n\t\t<div class=\"elementor-element elementor-element-d095407 e-grid e-con-boxed e-con e-parent\" data-id=\"d095407\" data-element_type=\"container\" data-e-type=\"container\">\n\t\t\t\t\t<div class=\"e-con-inner\">\n\t\t\t\t<div class=\"elementor-element elementor-element-38c16e3 elementor-widget elementor-widget-image\" data-id=\"38c16e3\" data-element_type=\"widget\" data-e-type=\"widget\" data-widget_type=\"image.default\">\n\t\t\t\t\t\t\t\t\t\t\t\t\t\t\t<img loading=\"lazy\" decoding=\"async\" width=\"800\" height=\"419\" src=\"https:\/\/devousanous2026.fr\/wp-content\/uploads\/2026\/02\/8.-RDV-avec-Vous-parlons-entrees-de-ville-27_02-1024x536.jpg\" class=\"attachment-large size-large wp-image-1700\" alt=\"\" srcset=\"https:\/\/devousanous2026.fr\/wp-content\/uploads\/2026\/02\/8.-RDV-avec-Vous-parlons-entrees-de-ville-27_02-1024x536.jpg 1024w, https:\/\/devousanous2026.fr\/wp-content\/uploads\/2026\/02\/8.-RDV-avec-Vous-parlons-entrees-de-ville-27_02-300x157.jpg 300w, https:\/\/devousanous2026.fr\/wp-content\/uploads\/2026\/02\/8.-RDV-avec-Vous-parlons-entrees-de-ville-27_02-768x402.jpg 768w, https:\/\/devousanous2026.fr\/wp-content\/uploads\/2026\/02\/8.-RDV-avec-Vous-parlons-entrees-de-ville-27_02-1536x804.jpg 1536w, https:\/\/devousanous2026.fr\/wp-content\/uploads\/2026\/02\/8.-RDV-avec-Vous-parlons-entrees-de-ville-27_02.jpg 1920w\" sizes=\"(max-width: 800px) 100vw, 800px\" \/>\t\t\t\t\t\t\t\t\t\t\t\t\t\t\t<\/div>\n\t\t\t\t<div class=\"elementor-element elementor-element-ac45088 elementor-widget elementor-widget-image\" data-id=\"ac45088\" data-element_type=\"widget\" data-e-type=\"widget\" data-widget_type=\"image.default\">\n\t\t\t\t\t\t\t\t\t\t\t\t\t\t\t<img loading=\"lazy\" decoding=\"async\" width=\"800\" height=\"419\" src=\"https:\/\/devousanous2026.fr\/wp-content\/uploads\/2026\/02\/RDV-avec-Vous-parlons-attractivite-02_03-1-1024x536.jpg\" class=\"attachment-large size-large wp-image-1701\" alt=\"\" srcset=\"https:\/\/devousanous2026.fr\/wp-content\/uploads\/2026\/02\/RDV-avec-Vous-parlons-attractivite-02_03-1-1024x536.jpg 1024w, https:\/\/devousanous2026.fr\/wp-content\/uploads\/2026\/02\/RDV-avec-Vous-parlons-attractivite-02_03-1-300x157.jpg 300w, https:\/\/devousanous2026.fr\/wp-content\/uploads\/2026\/02\/RDV-avec-Vous-parlons-attractivite-02_03-1-768x402.jpg 768w, https:\/\/devousanous2026.fr\/wp-content\/uploads\/2026\/02\/RDV-avec-Vous-parlons-attractivite-02_03-1-1536x804.jpg 1536w, https:\/\/devousanous2026.fr\/wp-content\/uploads\/2026\/02\/RDV-avec-Vous-parlons-attractivite-02_03-1.jpg 1920w\" sizes=\"(max-width: 800px) 100vw, 800px\" \/>\t\t\t\t\t\t\t\t\t\t\t\t\t\t\t<\/div>\n\t\t\t\t\t<\/div>\n\t\t\t\t<\/div>\n\t\t<div class=\"elementor-element elementor-element-4b60df0 e-flex e-con-boxed e-con e-parent\" data-id=\"4b60df0\" data-element_type=\"container\" data-e-type=\"container\">\n\t\t\t\t\t<div class=\"e-con-inner\">\n\t\t<div class=\"elementor-element elementor-element-1ab953c e-con-full e-flex e-con e-child\" data-id=\"1ab953c\" data-element_type=\"container\" data-e-type=\"container\">\n\t\t\t\t<div class=\"elementor-element elementor-element-97a122a elementor-widget elementor-widget-image\" data-id=\"97a122a\" data-element_type=\"widget\" data-e-type=\"widget\" data-widget_type=\"image.default\">\n\t\t\t\t\t\t\t\t\t\t\t\t\t\t\t<img loading=\"lazy\" decoding=\"async\" width=\"768\" height=\"402\" src=\"https:\/\/devousanous2026.fr\/wp-content\/uploads\/2026\/02\/10.-RDV-avec-Vous-parlons-mobilite-et-accessibilite-04_03-768x402.jpg\" class=\"attachment-medium_large size-medium_large wp-image-1702\" alt=\"\" srcset=\"https:\/\/devousanous2026.fr\/wp-content\/uploads\/2026\/02\/10.-RDV-avec-Vous-parlons-mobilite-et-accessibilite-04_03-768x402.jpg 768w, https:\/\/devousanous2026.fr\/wp-content\/uploads\/2026\/02\/10.-RDV-avec-Vous-parlons-mobilite-et-accessibilite-04_03-300x157.jpg 300w, https:\/\/devousanous2026.fr\/wp-content\/uploads\/2026\/02\/10.-RDV-avec-Vous-parlons-mobilite-et-accessibilite-04_03-1024x536.jpg 1024w, https:\/\/devousanous2026.fr\/wp-content\/uploads\/2026\/02\/10.-RDV-avec-Vous-parlons-mobilite-et-accessibilite-04_03-1536x804.jpg 1536w, https:\/\/devousanous2026.fr\/wp-content\/uploads\/2026\/02\/10.-RDV-avec-Vous-parlons-mobilite-et-accessibilite-04_03.jpg 1920w\" sizes=\"(max-width: 768px) 100vw, 768px\" \/>\t\t\t\t\t\t\t\t\t\t\t\t\t\t\t<\/div>\n\t\t\t\t<\/div>\n\t\t<div class=\"elementor-element elementor-element-04ccee8 e-con-full e-flex e-con e-child\" data-id=\"04ccee8\" data-element_type=\"container\" data-e-type=\"container\">\n\t\t\t\t<\/div>\n\t\t\t\t\t<\/div>\n\t\t\t\t<\/div>\n\t\t\t\t<\/div>\n\t\t","protected":false},"excerpt":{"rendered":"<p>Planning des rendez-vous et des r\u00e9unions publiques ! Nous avons \u00e9chang\u00e9 sur<\/p>\n","protected":false},"author":1,"featured_media":0,"parent":0,"menu_order":0,"comment_status":"closed","ping_status":"closed","template":"elementor_header_footer","meta":{"footnotes":""},"class_list":["post-98","page","type-page","status-publish","hentry"],"_links":{"self":[{"href":"https:\/\/devousanous2026.fr\/index.php?rest_route=\/wp\/v2\/pages\/98","targetHints":{"allow":["GET"]}}],"collection":[{"href":"https:\/\/devousanous2026.fr\/index.php?rest_route=\/wp\/v2\/pages"}],"about":[{"href":"https:\/\/devousanous2026.fr\/index.php?rest_route=\/wp\/v2\/types\/page"}],"author":[{"embeddable":true,"href":"https:\/\/devousanous2026.fr\/index.php?rest_route=\/wp\/v2\/users\/1"}],"replies":[{"embeddable":true,"href":"https:\/\/devousanous2026.fr\/index.php?rest_route=%2Fwp%2Fv2%2Fcomments&post=98"}],"version-history":[{"count":98,"href":"https:\/\/devousanous2026.fr\/index.php?rest_route=\/wp\/v2\/pages\/98\/revisions"}],"predecessor-version":[{"id":1933,"href":"https:\/\/devousanous2026.fr\/index.php?rest_route=\/wp\/v2\/pages\/98\/revisions\/1933"}],"wp:attachment":[{"href":"https:\/\/devousanous2026.fr\/index.php?rest_route=%2Fwp%2Fv2%2Fmedia&parent=98"}],"curies":[{"name":"wp","href":"https:\/\/api.w.org\/{rel}","templated":true}]}}