{"id":87,"date":"2025-11-27T10:56:59","date_gmt":"2025-11-27T10:56:59","guid":{"rendered":"https:\/\/devousanous2026.fr\/?page_id=87"},"modified":"2026-03-02T17:39:13","modified_gmt":"2026-03-02T17:39:13","slug":"programme","status":"publish","type":"page","link":"https:\/\/devousanous2026.fr\/?page_id=87","title":{"rendered":"Programme"},"content":{"rendered":"\t\t<div data-elementor-type=\"wp-page\" data-elementor-id=\"87\" class=\"elementor elementor-87\">\n\t\t\t\t<div class=\"elementor-element elementor-element-f11c79e e-con-full e-flex e-con e-parent\" data-id=\"f11c79e\" data-element_type=\"container\" data-e-type=\"container\" data-settings=\"{&quot;background_background&quot;:&quot;classic&quot;}\">\n\t\t\t\t<div class=\"elementor-element elementor-element-32e142a elementor-widget elementor-widget-text-editor\" data-id=\"32e142a\" data-element_type=\"widget\" data-e-type=\"widget\" data-widget_type=\"text-editor.default\">\n\t\t\t\t\t\t\t\t\t<p><img fetchpriority=\"high\" decoding=\"async\" class=\"size-medium wp-image-168 aligncenter\" src=\"https:\/\/devousanous2026.fr\/wp-content\/uploads\/2025\/12\/De-vous-a-nous_Campagne-electorale_Logo_20251201_Logo-Petit-300x300.png\" alt=\"De Vous \u00e0 Nous - Cosne Cours sur Loire\" width=\"300\" height=\"300\" srcset=\"https:\/\/devousanous2026.fr\/wp-content\/uploads\/2025\/12\/De-vous-a-nous_Campagne-electorale_Logo_20251201_Logo-Petit-300x300.png 300w, https:\/\/devousanous2026.fr\/wp-content\/uploads\/2025\/12\/De-vous-a-nous_Campagne-electorale_Logo_20251201_Logo-Petit-150x150.png 150w, https:\/\/devousanous2026.fr\/wp-content\/uploads\/2025\/12\/De-vous-a-nous_Campagne-electorale_Logo_20251201_Logo-Petit.png 650w\" sizes=\"(max-width: 300px) 100vw, 300px\" \/><\/p><p>Retrouvez les intentions de la liste \u00ab\u00a0<strong>De Vous \u00e0 Nous<\/strong>\u00a0\u00bb\u00a0 en cliquant sur le <a href=\"https:\/\/devousanous2026.fr\/?p=351\">lien.<\/a><\/p><p>Vous pouvez aussi naviguer dans le menu d\u00e9roulant \u00ab\u00a0<a href=\"https:\/\/devousanous2026.fr\/?page_id=87\" target=\"_blank\" rel=\"noopener\">programme<\/a>\u00a0\u00bb pour d\u00e9couvrir <strong>LES GRANDS<\/strong><br \/><strong>PROJETS DU PROGRAMME<\/strong> ou cliquez sur les liens suivants<strong> :<\/strong><\/p><p><a href=\"https:\/\/devousanous2026.fr\/?p=604\" target=\"_blank\" rel=\"noopener\">&#8211; <span data-olk-copy-source=\"MessageBody\">Transformer la ville pour am\u00e9liorer le cadre de vie et les mobilit\u00e9s<\/span><\/a><br \/><a href=\"https:\/\/devousanous2026.fr\/?p=598\" target=\"_blank\" rel=\"noopener\"><span data-olk-copy-source=\"MessageBody\">&#8211; D\u00e9velopper l\u2019\u00e9conomie locale<\/span><\/a><br \/><a href=\"https:\/\/devousanous2026.fr\/?p=593\" target=\"_blank\" rel=\"noopener\">&#8211; <span data-olk-copy-source=\"MessageBody\"> Am\u00e9liorer l\u2019acc\u00e8s aux soins<\/span><\/a><br \/><a href=\"https:\/\/devousanous2026.fr\/?p=588\" target=\"_blank\" rel=\"noopener\">&#8211; <span data-olk-copy-source=\"MessageBody\">R\u00e9pondre aux besoins en logement<\/span><\/a><a href=\"https:\/\/devousanous2026.fr\/?p=582\" target=\"_blank\" rel=\"noopener\"><span data-olk-copy-source=\"MessageBody\"><br \/><\/span><span data-olk-copy-source=\"MessageBody\">&#8211; F\u00e9d\u00e9rer les jeunes autour d\u2019une programmation culturelle et d\u2019\u00e9v\u00e9nements sportifs pens\u00e9s pour eux<\/span><br \/><\/a><a href=\"https:\/\/devousanous2026.fr\/?p=576\" target=\"_blank\" rel=\"noopener\">&#8211; <span data-olk-copy-source=\"MessageBody\">Renforcer la solidarit\u00e9 et le lien social<br \/><\/span><\/a><a href=\"https:\/\/devousanous2026.fr\/?p=1481\" target=\"_blank\" rel=\"noopener\">&#8211; <span data-olk-copy-source=\"MessageBody\">Am\u00e9liorer les \u00e9quipements du quotidien<\/span><\/a><\/p>\t\t\t\t\t\t\t\t<\/div>\n\t\t\t\t<\/div>\n\t\t<div class=\"elementor-element elementor-element-46d9f7c e-flex e-con-boxed e-con e-parent\" data-id=\"46d9f7c\" data-element_type=\"container\" data-e-type=\"container\">\n\t\t\t\t\t<div class=\"e-con-inner\">\n\t\t\t\t<div class=\"elementor-element elementor-element-7d76f35 elementor-arrows-position-inside elementor-pagination-position-outside elementor-widget elementor-widget-image-carousel\" data-id=\"7d76f35\" data-element_type=\"widget\" data-e-type=\"widget\" data-settings=\"{&quot;slides_to_show&quot;:&quot;3&quot;,&quot;navigation&quot;:&quot;both&quot;,&quot;autoplay&quot;:&quot;yes&quot;,&quot;pause_on_hover&quot;:&quot;yes&quot;,&quot;pause_on_interaction&quot;:&quot;yes&quot;,&quot;autoplay_speed&quot;:5000,&quot;infinite&quot;:&quot;yes&quot;,&quot;speed&quot;:500}\" data-widget_type=\"image-carousel.default\">\n\t\t\t\t\t\t\t<div class=\"elementor-image-carousel-wrapper swiper\" role=\"region\" aria-roledescription=\"carousel\" aria-label=\"Carrousel d\u2019images\" dir=\"ltr\">\n\t\t\t<div class=\"elementor-image-carousel swiper-wrapper\" aria-live=\"off\">\n\t\t\t\t\t\t\t\t<div class=\"swiper-slide\" role=\"group\" aria-roledescription=\"slide\" aria-label=\"1 sur 7\"><figure class=\"swiper-slide-inner\"><img decoding=\"async\" class=\"swiper-slide-image\" src=\"https:\/\/devousanous2026.fr\/wp-content\/uploads\/2026\/01\/Les-Grands-Projets-1-768x432.png\" alt=\"Les Grands Projets 1\" \/><\/figure><\/div><div class=\"swiper-slide\" role=\"group\" aria-roledescription=\"slide\" aria-label=\"2 sur 7\"><figure class=\"swiper-slide-inner\"><img decoding=\"async\" class=\"swiper-slide-image\" src=\"https:\/\/devousanous2026.fr\/wp-content\/uploads\/2026\/01\/Les-Grands-Projets-2-768x432.png\" alt=\"Les Grands Projets 2\" \/><\/figure><\/div><div class=\"swiper-slide\" role=\"group\" aria-roledescription=\"slide\" aria-label=\"3 sur 7\"><figure class=\"swiper-slide-inner\"><img decoding=\"async\" class=\"swiper-slide-image\" src=\"https:\/\/devousanous2026.fr\/wp-content\/uploads\/2026\/01\/Les-Grands-Projets-3-768x432.png\" alt=\"Les Grands Projets 3\" \/><\/figure><\/div><div class=\"swiper-slide\" role=\"group\" aria-roledescription=\"slide\" aria-label=\"4 sur 7\"><figure class=\"swiper-slide-inner\"><img decoding=\"async\" class=\"swiper-slide-image\" src=\"https:\/\/devousanous2026.fr\/wp-content\/uploads\/2026\/01\/Les-Grands-Projets-4-768x432.png\" alt=\"Les Grands Projets 4\" \/><\/figure><\/div><div class=\"swiper-slide\" role=\"group\" aria-roledescription=\"slide\" aria-label=\"5 sur 7\"><figure class=\"swiper-slide-inner\"><img decoding=\"async\" class=\"swiper-slide-image\" src=\"https:\/\/devousanous2026.fr\/wp-content\/uploads\/2026\/01\/Les-Grands-Projets-5-768x432.png\" alt=\"Les Grands Projets 5\" \/><\/figure><\/div><div class=\"swiper-slide\" role=\"group\" aria-roledescription=\"slide\" aria-label=\"6 sur 7\"><figure class=\"swiper-slide-inner\"><img decoding=\"async\" class=\"swiper-slide-image\" src=\"https:\/\/devousanous2026.fr\/wp-content\/uploads\/2026\/01\/Les-Grands-Projets-6-768x432.png\" alt=\"Les Grands Projets 6\" \/><\/figure><\/div><div class=\"swiper-slide\" role=\"group\" aria-roledescription=\"slide\" aria-label=\"7 sur 7\"><figure class=\"swiper-slide-inner\"><img decoding=\"async\" class=\"swiper-slide-image\" src=\"https:\/\/devousanous2026.fr\/wp-content\/uploads\/2026\/01\/Les-Grands-Projets-7-768x432.png\" alt=\"Les Grands Projets 7\" \/><\/figure><\/div>\t\t\t<\/div>\n\t\t\t\t\t\t\t\t\t\t\t\t<div class=\"elementor-swiper-button elementor-swiper-button-prev\" role=\"button\" tabindex=\"0\">\n\t\t\t\t\t\t<svg aria-hidden=\"true\" class=\"e-font-icon-svg e-eicon-chevron-left\" viewBox=\"0 0 1000 1000\" xmlns=\"http:\/\/www.w3.org\/2000\/svg\"><path d=\"M646 125C629 125 613 133 604 142L308 442C296 454 292 471 292 487 292 504 296 521 308 533L604 854C617 867 629 875 646 875 663 875 679 871 692 858 704 846 713 829 713 812 713 796 708 779 692 767L438 487 692 225C700 217 708 204 708 187 708 171 704 154 692 142 675 129 663 125 646 125Z\"><\/path><\/svg>\t\t\t\t\t<\/div>\n\t\t\t\t\t<div class=\"elementor-swiper-button elementor-swiper-button-next\" role=\"button\" tabindex=\"0\">\n\t\t\t\t\t\t<svg aria-hidden=\"true\" class=\"e-font-icon-svg e-eicon-chevron-right\" viewBox=\"0 0 1000 1000\" xmlns=\"http:\/\/www.w3.org\/2000\/svg\"><path d=\"M696 533C708 521 713 504 713 487 713 471 708 454 696 446L400 146C388 133 375 125 354 125 338 125 325 129 313 142 300 154 292 171 292 187 292 204 296 221 308 233L563 492 304 771C292 783 288 800 288 817 288 833 296 850 308 863 321 871 338 875 354 875 371 875 388 867 400 854L696 533Z\"><\/path><\/svg>\t\t\t\t\t<\/div>\n\t\t\t\t\n\t\t\t\t\t\t\t\t\t<div class=\"swiper-pagination\"><\/div>\n\t\t\t\t\t\t\t\t\t<\/div>\n\t\t\t\t\t\t<\/div>\n\t\t\t\t\t<\/div>\n\t\t\t\t<\/div>\n\t\t\t\t<\/div>\n\t\t","protected":false},"excerpt":{"rendered":"<p>Retrouvez les intentions de la liste \u00ab\u00a0De Vous \u00e0 Nous\u00a0\u00bb\u00a0 en cliquant sur le lien. Vous pouvez aussi naviguer dans le menu d\u00e9roulant \u00ab\u00a0programme\u00a0\u00bb pour d\u00e9couvrir LES GRANDSPROJETS DU PROGRAMME ou cliquez sur les liens suivants : &#8211; Transformer la ville pour am\u00e9liorer le cadre de vie et les mobilit\u00e9s&#8211; D\u00e9velopper l\u2019\u00e9conomie locale&#8211; Am\u00e9liorer l\u2019acc\u00e8s [&hellip;]<\/p>\n","protected":false},"author":1,"featured_media":0,"parent":0,"menu_order":0,"comment_status":"closed","ping_status":"closed","template":"elementor_header_footer","meta":{"footnotes":""},"class_list":["post-87","page","type-page","status-publish","hentry"],"_links":{"self":[{"href":"https:\/\/devousanous2026.fr\/index.php?rest_route=\/wp\/v2\/pages\/87","targetHints":{"allow":["GET"]}}],"collection":[{"href":"https:\/\/devousanous2026.fr\/index.php?rest_route=\/wp\/v2\/pages"}],"about":[{"href":"https:\/\/devousanous2026.fr\/index.php?rest_route=\/wp\/v2\/types\/page"}],"author":[{"embeddable":true,"href":"https:\/\/devousanous2026.fr\/index.php?rest_route=\/wp\/v2\/users\/1"}],"replies":[{"embeddable":true,"href":"https:\/\/devousanous2026.fr\/index.php?rest_route=%2Fwp%2Fv2%2Fcomments&post=87"}],"version-history":[{"count":49,"href":"https:\/\/devousanous2026.fr\/index.php?rest_route=\/wp\/v2\/pages\/87\/revisions"}],"predecessor-version":[{"id":1894,"href":"https:\/\/devousanous2026.fr\/index.php?rest_route=\/wp\/v2\/pages\/87\/revisions\/1894"}],"wp:attachment":[{"href":"https:\/\/devousanous2026.fr\/index.php?rest_route=%2Fwp%2Fv2%2Fmedia&parent=87"}],"curies":[{"name":"wp","href":"https:\/\/api.w.org\/{rel}","templated":true}]}}